{"id":2643,"date":"2021-12-27T20:13:59","date_gmt":"2021-12-27T20:13:59","guid":{"rendered":"https:\/\/iglobalcargo.com\/sobre-nos\/"},"modified":"2024-05-06T09:39:37","modified_gmt":"2024-05-06T09:39:37","slug":"sobre-nos","status":"publish","type":"page","link":"https:\/\/iglobalcargo.com\/pt-pt\/sobre-nos\/","title":{"rendered":"Sobre n\u00f3s"},"content":{"rendered":"\t\t<div data-elementor-type=\"wp-page\" data-elementor-id=\"2643\" class=\"elementor elementor-2643 elementor-66\">\n\t\t\t\t\t\t<section class=\"elementor-section elementor-top-section elementor-element elementor-element-acb8abc elementor-section-full_width elementor-section-height-default elementor-section-height-default\" data-id=\"acb8abc\" data-element_type=\"section\" data-e-type=\"section\">\n\t\t\t\t\t\t<div class=\"elementor-container elementor-column-gap-default\">\n\t\t\t\t\t<div class=\"elementor-column elementor-col-100 elementor-top-column elementor-element elementor-element-c89ff52\" data-id=\"c89ff52\" data-element_type=\"column\" data-e-type=\"column\">\n\t\t\t<div class=\"elementor-widget-wrap elementor-element-populated\">\n\t\t\t\t\t\t<div class=\"elementor-element elementor-element-2b1c8219 elementor-align-left elementor-widget elementor-widget-bdevs-banner\" data-id=\"2b1c8219\" data-element_type=\"widget\" data-e-type=\"widget\" data-widget_type=\"bdevs-banner.default\">\n\t\t\t\t<div class=\"elementor-widget-container\">\n\t\t\t\t\t\t\t<!-- breadcrumb-area-start -->\r\n        <div class=\"breadcrumb-area pt-230 pb-240\" style=\"background-image:url(https:\/\/iglobalcargo.com\/wp-content\/uploads\/2021\/12\/bg-10-e1646237263110.jpg)\">\r\n            <div class=\"container\">\r\n                <div class=\"row\">\r\n                    <div class=\"col-xl-12\">\r\n                        <div class=\"breadcrumb-text text-center\">\r\n                            <h1>About Us<\/h1>\r\n                                                    <\/div>\r\n                    <\/div>\r\n                <\/div>\r\n            <\/div>\r\n        <\/div>\r\n        <!-- breadcrumb-area-end -->\r\n\t\t\t\t\t<\/div>\n\t\t\t\t<\/div>\n\t\t\t\t<div class=\"elementor-element elementor-element-d353bb6 elementor-align-left elementor-widget elementor-widget-bdevs-about\" data-id=\"d353bb6\" data-element_type=\"widget\" data-e-type=\"widget\" data-widget_type=\"bdevs-about.default\">\n\t\t\t\t<div class=\"elementor-widget-container\">\n\t\t\t\t\t\t\t        <!-- about-us-area-start -->\r\n        <div class=\"about-us-area pt-130 pb-100\">\r\n            <div class=\"container\">\r\n                <div class=\"row\">\r\n                    <div class=\"col-xl-6 col-lg-6\">\r\n                        <div class=\"about-img mb-30\">\r\n                            <img decoding=\"async\" src=\"https:\/\/iglobalcargo.com\/wp-content\/uploads\/2024\/01\/vehicles-laptop-supply-chain-representation_23-2149853161.jpg\" alt=\"\">\r\n                        <\/div>\r\n                    <\/div>\r\n                    <div class=\"col-xl-6 col-lg-6\">\r\n                        <div class=\"about-wrapper mb-30\">\r\n                            <div class=\"section-title pos-rel mb-35\">\r\n                            \t                                <h1><\/h1>\r\n                            \t                            \t                                <span class=\"line\">About Us<\/span>\r\n                                                                                                <h2>\u201cMoving Your Cargo Around the Globe, Securely and Efficiently\u201d<\/h2>\r\n                                                            <\/div>\r\n                            <div class=\"about-us-text pos-rel\">\r\n                            \t                                <p><p>iGlobal is a cargo shipping company based in <strong>Schiphol Airport, Amsterdam<\/strong> with extensive experience in the <strong>international logistics<\/strong> industry. We provide global coverage with fast, secure, and efficient services for our customers. We are proud to offer superior international coverage, so you can rest assured knowing that your cargo will reach its destination no matter where it needs to go.\u00a0<\/p><\/p>\r\n                            \t                                \r\n                            <\/div>\r\n                            <div class=\"row mb-10\">\r\n                            \t                                <div class=\"col-xl-6 col-lg-6 col-md-6 mb-30\">\r\n                                    <div class=\"about-content\">\r\n                                        <div class=\"about-icon f-left\">\r\n                                            <i class=\"ads\"><\/i>\r\n                                        <\/div>\r\n                                        <div class=\"about-info f-left\">\r\n                                            <h2> <span>+<\/span><\/h2>\r\n                                            <span><\/span>\r\n                                        <\/div>\r\n                                    <\/div>\r\n                                <\/div>\r\n                                                            <\/div>\r\n                                                        <div class=\"about-name\">\r\n                                <div class=\"about-say-img\">\r\n                                    <img decoding=\"async\" src=\"\" alt=\"\">\r\n                                <\/div>\r\n                                <div class=\"about-say-content\">\r\n                                    <h4><\/h4>\r\n                                    <span><\/span>\r\n                                <\/div>\r\n                            <\/div>\r\n                        \t                        <\/div>\r\n                    <\/div>\r\n                <\/div>\r\n            <\/div>\r\n        <\/div>\r\n        <!-- about-us-area-end -->\r\n        \t\t\t\t\t<\/div>\n\t\t\t\t<\/div>\n\t\t\t\t\t<\/div>\n\t\t<\/div>\n\t\t\t\t\t<\/div>\n\t\t<\/section>\n\t\t\t\t<section class=\"elementor-section elementor-top-section elementor-element elementor-element-f6ab661 elementor-section-full_width elementor-section-height-default elementor-section-height-default\" data-id=\"f6ab661\" data-element_type=\"section\" data-e-type=\"section\" data-settings=\"{&quot;background_background&quot;:&quot;classic&quot;}\">\n\t\t\t\t\t\t<div class=\"elementor-container elementor-column-gap-no\">\n\t\t\t\t\t<div class=\"elementor-column elementor-col-100 elementor-top-column elementor-element elementor-element-6eb4224\" data-id=\"6eb4224\" data-element_type=\"column\" data-e-type=\"column\">\n\t\t\t<div class=\"elementor-widget-wrap elementor-element-populated\">\n\t\t\t\t\t\t<section class=\"elementor-section elementor-inner-section elementor-element elementor-element-6bb879e elementor-section-boxed elementor-section-height-default elementor-section-height-default\" data-id=\"6bb879e\" data-element_type=\"section\" data-e-type=\"section\">\n\t\t\t\t\t\t<div class=\"elementor-container elementor-column-gap-no\">\n\t\t\t\t\t<div class=\"elementor-column elementor-col-100 elementor-inner-column elementor-element elementor-element-591a7eb\" data-id=\"591a7eb\" data-element_type=\"column\" data-e-type=\"column\">\n\t\t\t<div class=\"elementor-widget-wrap elementor-element-populated\">\n\t\t\t\t\t\t<div class=\"elementor-element elementor-element-b755bc5 elementor-invisible elementor-widget elementor-widget-heading\" data-id=\"b755bc5\" data-element_type=\"widget\" data-e-type=\"widget\" data-settings=\"{&quot;_animation&quot;:&quot;fadeInUp&quot;}\" data-widget_type=\"heading.default\">\n\t\t\t\t<div class=\"elementor-widget-container\">\n\t\t\t\t\t<h2 class=\"elementor-heading-title elementor-size-default\">Cobertura global abrangente<\/h2>\t\t\t\t<\/div>\n\t\t\t\t<\/div>\n\t\t\t\t<div class=\"elementor-element elementor-element-b483a18 elementor-widget-divider--view-line elementor-widget elementor-widget-divider\" data-id=\"b483a18\" data-element_type=\"widget\" data-e-type=\"widget\" data-widget_type=\"divider.default\">\n\t\t\t\t<div class=\"elementor-widget-container\">\n\t\t\t\t\t\t\t<div class=\"elementor-divider\">\n\t\t\t<span class=\"elementor-divider-separator\">\n\t\t\t\t\t\t<\/span>\n\t\t<\/div>\n\t\t\t\t\t\t<\/div>\n\t\t\t\t<\/div>\n\t\t\t\t<div class=\"elementor-element elementor-element-b62d076 elementor-widget elementor-widget-heading\" data-id=\"b62d076\" data-element_type=\"widget\" data-e-type=\"widget\" data-widget_type=\"heading.default\">\n\t\t\t\t<div class=\"elementor-widget-container\">\n\t\t\t\t\t<div class=\"elementor-heading-title elementor-size-default\">A nossa equipa compreende a import\u00e2ncia dos envios sens\u00edveis ao tempo e trabalha arduamente para entregar as mercadorias a tempo, garantindo a precis\u00e3o.<\/div>\t\t\t\t<\/div>\n\t\t\t\t<\/div>\n\t\t\t\t\t<\/div>\n\t\t<\/div>\n\t\t\t\t\t<\/div>\n\t\t<\/section>\n\t\t\t\t<section class=\"elementor-section elementor-inner-section elementor-element elementor-element-e20c4f7 elementor-section-boxed elementor-section-height-default elementor-section-height-default\" data-id=\"e20c4f7\" data-element_type=\"section\" data-e-type=\"section\">\n\t\t\t\t\t\t<div class=\"elementor-container elementor-column-gap-no\">\n\t\t\t\t\t<div class=\"elementor-column elementor-col-33 elementor-inner-column elementor-element elementor-element-0748152\" data-id=\"0748152\" data-element_type=\"column\" data-e-type=\"column\" data-settings=\"{&quot;background_background&quot;:&quot;gradient&quot;}\">\n\t\t\t<div class=\"elementor-widget-wrap elementor-element-populated\">\n\t\t\t\t\t\t<div class=\"elementor-element elementor-element-62515f0 elementor-widget__width-auto elementor-invisible elementor-widget elementor-widget-image\" data-id=\"62515f0\" data-element_type=\"widget\" data-e-type=\"widget\" data-settings=\"{&quot;_animation&quot;:&quot;fadeInUp&quot;,&quot;_animation_delay&quot;:&quot;100&quot;}\" data-widget_type=\"image.default\">\n\t\t\t\t<div class=\"elementor-widget-container\">\n\t\t\t\t\t\t\t\t\t\t\t\t\t\t\t<img decoding=\"async\" width=\"64\" height=\"64\" src=\"https:\/\/iglobalcargo.com\/wp-content\/uploads\/2023\/08\/icon-teams-2.png\" class=\"attachment-full size-full wp-image-5049\" alt=\"\" \/>\t\t\t\t\t\t\t\t\t\t\t\t\t\t\t<\/div>\n\t\t\t\t<\/div>\n\t\t\t\t<div class=\"elementor-element elementor-element-a21d538 elementor-widget elementor-widget-heading\" data-id=\"a21d538\" data-element_type=\"widget\" data-e-type=\"widget\" data-widget_type=\"heading.default\">\n\t\t\t\t<div class=\"elementor-widget-container\">\n\t\t\t\t\t<h3 class=\"elementor-heading-title elementor-size-default\">A nossa miss\u00e3o<\/h3>\t\t\t\t<\/div>\n\t\t\t\t<\/div>\n\t\t\t\t<div class=\"elementor-element elementor-element-0ff5399 elementor-widget elementor-widget-heading\" data-id=\"0ff5399\" data-element_type=\"widget\" data-e-type=\"widget\" data-widget_type=\"heading.default\">\n\t\t\t\t<div class=\"elementor-widget-container\">\n\t\t\t\t\t<div class=\"elementor-heading-title elementor-size-default\">A nossa miss\u00e3o \u00e9 ser um dos principais fornecedores de transporte de carga internacional, oferecendo um servi\u00e7o de excel\u00eancia, fiabilidade superior e tarifas competitivas. Esfor\u00e7amo-nos continuamente por melhorar as nossas opera\u00e7\u00f5es atrav\u00e9s da inova\u00e7\u00e3o e da tecnologia para garantir a seguran\u00e7a e a prote\u00e7\u00e3o durante todo o processo de expedi\u00e7\u00e3o.  <\/div>\t\t\t\t<\/div>\n\t\t\t\t<\/div>\n\t\t\t\t\t<\/div>\n\t\t<\/div>\n\t\t\t\t<div class=\"elementor-column elementor-col-33 elementor-inner-column elementor-element elementor-element-80a21c5\" data-id=\"80a21c5\" data-element_type=\"column\" data-e-type=\"column\" data-settings=\"{&quot;background_background&quot;:&quot;gradient&quot;}\">\n\t\t\t<div class=\"elementor-widget-wrap elementor-element-populated\">\n\t\t\t\t\t\t<div class=\"elementor-element elementor-element-74de87f elementor-widget__width-auto elementor-invisible elementor-widget elementor-widget-image\" data-id=\"74de87f\" data-element_type=\"widget\" data-e-type=\"widget\" data-settings=\"{&quot;_animation&quot;:&quot;fadeInUp&quot;,&quot;_animation_delay&quot;:&quot;100&quot;}\" data-widget_type=\"image.default\">\n\t\t\t\t<div class=\"elementor-widget-container\">\n\t\t\t\t\t\t\t\t\t\t\t\t\t\t\t<img decoding=\"async\" width=\"64\" height=\"64\" src=\"https:\/\/iglobalcargo.com\/wp-content\/uploads\/2023\/08\/icon-telephone-2.png\" class=\"attachment-full size-full wp-image-5057\" alt=\"\" \/>\t\t\t\t\t\t\t\t\t\t\t\t\t\t\t<\/div>\n\t\t\t\t<\/div>\n\t\t\t\t<div class=\"elementor-element elementor-element-16c097c elementor-widget elementor-widget-heading\" data-id=\"16c097c\" data-element_type=\"widget\" data-e-type=\"widget\" data-widget_type=\"heading.default\">\n\t\t\t\t<div class=\"elementor-widget-container\">\n\t\t\t\t\t<h3 class=\"elementor-heading-title elementor-size-default\">Os nossos valores<\/h3>\t\t\t\t<\/div>\n\t\t\t\t<\/div>\n\t\t\t\t<div class=\"elementor-element elementor-element-6235ee0 elementor-widget elementor-widget-heading\" data-id=\"6235ee0\" data-element_type=\"widget\" data-e-type=\"widget\" data-widget_type=\"heading.default\">\n\t\t\t\t<div class=\"elementor-widget-container\">\n\t\t\t\t\t<div class=\"elementor-heading-title elementor-size-default\">Os nossos valores fundamentais baseiam-se na nossa determina\u00e7\u00e3o em estabelecermo-nos como a solu\u00e7\u00e3o ideal para quem pretende enviar mercadorias para todo o mundo. Esfor\u00e7amo-nos por atingir um elevado n\u00edvel de satisfa\u00e7\u00e3o do cliente, cumprindo os prazos e assegurando que todos os envios s\u00e3o tratados de forma segura e eficiente.<\/div>\t\t\t\t<\/div>\n\t\t\t\t<\/div>\n\t\t\t\t\t<\/div>\n\t\t<\/div>\n\t\t\t\t<div class=\"elementor-column elementor-col-33 elementor-inner-column elementor-element elementor-element-1e98aed\" data-id=\"1e98aed\" data-element_type=\"column\" data-e-type=\"column\" data-settings=\"{&quot;background_background&quot;:&quot;gradient&quot;}\">\n\t\t\t<div class=\"elementor-widget-wrap elementor-element-populated\">\n\t\t\t\t\t\t<div class=\"elementor-element elementor-element-442de87 elementor-widget__width-auto elementor-invisible elementor-widget elementor-widget-image\" data-id=\"442de87\" data-element_type=\"widget\" data-e-type=\"widget\" data-settings=\"{&quot;_animation&quot;:&quot;fadeInUp&quot;,&quot;_animation_delay&quot;:&quot;100&quot;}\" data-widget_type=\"image.default\">\n\t\t\t\t<div class=\"elementor-widget-container\">\n\t\t\t\t\t\t\t\t\t\t\t\t\t\t\t<img decoding=\"async\" width=\"62\" height=\"62\" src=\"https:\/\/iglobalcargo.com\/wp-content\/uploads\/2023\/08\/icon-box-shield-1.png\" class=\"attachment-full size-full wp-image-5065\" alt=\"\" \/>\t\t\t\t\t\t\t\t\t\t\t\t\t\t\t<\/div>\n\t\t\t\t<\/div>\n\t\t\t\t<div class=\"elementor-element elementor-element-f15d760 elementor-widget elementor-widget-heading\" data-id=\"f15d760\" data-element_type=\"widget\" data-e-type=\"widget\" data-widget_type=\"heading.default\">\n\t\t\t\t<div class=\"elementor-widget-container\">\n\t\t\t\t\t<h3 class=\"elementor-heading-title elementor-size-default\">Tecnologias de ponta<\/h3>\t\t\t\t<\/div>\n\t\t\t\t<\/div>\n\t\t\t\t<div class=\"elementor-element elementor-element-7603e60 elementor-widget elementor-widget-heading\" data-id=\"7603e60\" data-element_type=\"widget\" data-e-type=\"widget\" data-widget_type=\"heading.default\">\n\t\t\t\t<div class=\"elementor-widget-container\">\n\t\t\t\t\t<div class=\"elementor-heading-title elementor-size-default\">Tamb\u00e9m investimos fortemente em tecnologias de ponta para a otimiza\u00e7\u00e3o de rotas, a fim de reduzir os tempos de espera nos portos, bem como fornecer dados de rastreio em tempo real para uma transpar\u00eancia total ao longo da viagem das suas mercadorias.<\/div>\t\t\t\t<\/div>\n\t\t\t\t<\/div>\n\t\t\t\t\t<\/div>\n\t\t<\/div>\n\t\t\t\t\t<\/div>\n\t\t<\/section>\n\t\t\t\t\t<\/div>\n\t\t<\/div>\n\t\t\t\t\t<\/div>\n\t\t<\/section>\n\t\t\t\t<section class=\"elementor-section elementor-top-section elementor-element elementor-element-3abd835 elementor-section-content-middle elementor-section-boxed elementor-section-height-default elementor-section-height-default\" data-id=\"3abd835\" data-element_type=\"section\" data-e-type=\"section\" data-settings=\"{&quot;background_background&quot;:&quot;gradient&quot;}\">\n\t\t\t\t\t\t<div class=\"elementor-container elementor-column-gap-default\">\n\t\t\t\t\t<div class=\"elementor-column elementor-col-50 elementor-top-column elementor-element elementor-element-1ea2af9\" data-id=\"1ea2af9\" data-element_type=\"column\" data-e-type=\"column\" data-settings=\"{&quot;background_background&quot;:&quot;classic&quot;}\">\n\t\t\t<div class=\"elementor-widget-wrap elementor-element-populated\">\n\t\t\t\t\t\t<div class=\"elementor-element elementor-element-aadf677 elementor-position-inline-start elementor-view-default elementor-mobile-position-block-start elementor-widget elementor-widget-icon-box\" data-id=\"aadf677\" data-element_type=\"widget\" data-e-type=\"widget\" data-widget_type=\"icon-box.default\">\n\t\t\t\t<div class=\"elementor-widget-container\">\n\t\t\t\t\t\t\t<div class=\"elementor-icon-box-wrapper\">\n\n\t\t\t\t\t\t<div class=\"elementor-icon-box-icon\">\n\t\t\t\t<span  class=\"elementor-icon\">\n\t\t\t\t<i aria-hidden=\"true\" class=\"fas fa-shipping-fast\"><\/i>\t\t\t\t<\/span>\n\t\t\t<\/div>\n\t\t\t\n\t\t\t\t\t\t<div class=\"elementor-icon-box-content\">\n\n\t\t\t\t\t\t\t\t\t<h4 class=\"elementor-icon-box-title\">\n\t\t\t\t\t\t<span  >\n\t\t\t\t\t\t\tServi\u00e7os de alta qualidade e r\u00e1pidos\t\t\t\t\t\t<\/span>\n\t\t\t\t\t<\/h4>\n\t\t\t\t\n\t\t\t\t\t\t\t\t\t<p class=\"elementor-icon-box-description\">\n\t\t\t\t\t\tOrgulhamo-nos de oferecer um transporte r\u00e1pido sem comprometer a seguran\u00e7a das nossas opera\u00e7\u00f5es e a qualidade dos nossos servi\u00e7os.\t\t\t\t\t<\/p>\n\t\t\t\t\n\t\t\t<\/div>\n\t\t\t\n\t\t<\/div>\n\t\t\t\t\t\t<\/div>\n\t\t\t\t<\/div>\n\t\t\t\t<div class=\"elementor-element elementor-element-7910d55 elementor-position-inline-start elementor-view-default elementor-mobile-position-block-start elementor-widget elementor-widget-icon-box\" data-id=\"7910d55\" data-element_type=\"widget\" data-e-type=\"widget\" data-widget_type=\"icon-box.default\">\n\t\t\t\t<div class=\"elementor-widget-container\">\n\t\t\t\t\t\t\t<div class=\"elementor-icon-box-wrapper\">\n\n\t\t\t\t\t\t<div class=\"elementor-icon-box-icon\">\n\t\t\t\t<span  class=\"elementor-icon\">\n\t\t\t\t<i aria-hidden=\"true\" class=\"fas fa-globe-americas\"><\/i>\t\t\t\t<\/span>\n\t\t\t<\/div>\n\t\t\t\n\t\t\t\t\t\t<div class=\"elementor-icon-box-content\">\n\n\t\t\t\t\t\t\t\t\t<h4 class=\"elementor-icon-box-title\">\n\t\t\t\t\t\t<span  >\n\t\t\t\t\t\t\tCobertura global\t\t\t\t\t\t<\/span>\n\t\t\t\t\t<\/h4>\n\t\t\t\t\n\t\t\t\t\t\t\t\t\t<p class=\"elementor-icon-box-description\">\n\t\t\t\t\t\tOperamos em todo o mundo e podemos transportar em seguran\u00e7a qualquer tipo de artigo em todo o mundo.\t\t\t\t\t<\/p>\n\t\t\t\t\n\t\t\t<\/div>\n\t\t\t\n\t\t<\/div>\n\t\t\t\t\t\t<\/div>\n\t\t\t\t<\/div>\n\t\t\t\t<div class=\"elementor-element elementor-element-7873ff9 elementor-position-inline-start elementor-view-default elementor-mobile-position-block-start elementor-widget elementor-widget-icon-box\" data-id=\"7873ff9\" data-element_type=\"widget\" data-e-type=\"widget\" data-widget_type=\"icon-box.default\">\n\t\t\t\t<div class=\"elementor-widget-container\">\n\t\t\t\t\t\t\t<div class=\"elementor-icon-box-wrapper\">\n\n\t\t\t\t\t\t<div class=\"elementor-icon-box-icon\">\n\t\t\t\t<span  class=\"elementor-icon\">\n\t\t\t\t<i aria-hidden=\"true\" class=\"fas fa-shield-alt\"><\/i>\t\t\t\t<\/span>\n\t\t\t<\/div>\n\t\t\t\n\t\t\t\t\t\t<div class=\"elementor-icon-box-content\">\n\n\t\t\t\t\t\t\t\t\t<h4 class=\"elementor-icon-box-title\">\n\t\t\t\t\t\t<span  >\n\t\t\t\t\t\t\tOpera\u00e7\u00f5es Seguras e Eficientes\t\t\t\t\t\t<\/span>\n\t\t\t\t\t<\/h4>\n\t\t\t\t\n\t\t\t\t\t\t\t\t\t<p class=\"elementor-icon-box-description\">\n\t\t\t\t\t\tiGlobal adere estritamente a todas as leis e regulamentos internacionais, e oferece seguros para a sua gama completa de servi\u00e7os.\t\t\t\t\t<\/p>\n\t\t\t\t\n\t\t\t<\/div>\n\t\t\t\n\t\t<\/div>\n\t\t\t\t\t\t<\/div>\n\t\t\t\t<\/div>\n\t\t\t\t\t<\/div>\n\t\t<\/div>\n\t\t\t\t<div class=\"elementor-column elementor-col-50 elementor-top-column elementor-element elementor-element-ca45ed3\" data-id=\"ca45ed3\" data-element_type=\"column\" data-e-type=\"column\">\n\t\t\t<div class=\"elementor-widget-wrap elementor-element-populated\">\n\t\t\t\t\t\t<div class=\"elementor-element elementor-element-1f0573d elementor-widget__width-initial elementor-absolute elementor-widget elementor-widget-heading\" data-id=\"1f0573d\" data-element_type=\"widget\" data-e-type=\"widget\" data-settings=\"{&quot;_position&quot;:&quot;absolute&quot;}\" data-widget_type=\"heading.default\">\n\t\t\t\t<div class=\"elementor-widget-container\">\n\t\t\t\t\t<h2 class=\"elementor-heading-title elementor-size-default\">Porqu\u00ea escolher o iGlobal<\/h2>\t\t\t\t<\/div>\n\t\t\t\t<\/div>\n\t\t\t\t\t<\/div>\n\t\t<\/div>\n\t\t\t\t\t<\/div>\n\t\t<\/section>\n\t\t\t\t<section class=\"elementor-section elementor-top-section elementor-element elementor-element-48ca5de4 elementor-section-full_width elementor-section-height-default elementor-section-height-default\" data-id=\"48ca5de4\" data-element_type=\"section\" data-e-type=\"section\">\n\t\t\t\t\t\t<div class=\"elementor-container elementor-column-gap-default\">\n\t\t\t\t\t<div class=\"elementor-column elementor-col-100 elementor-top-column elementor-element elementor-element-17e711ac\" data-id=\"17e711ac\" data-element_type=\"column\" data-e-type=\"column\">\n\t\t\t<div class=\"elementor-widget-wrap elementor-element-populated\">\n\t\t\t\t\t\t<div class=\"elementor-element elementor-element-344506c2 elementor-align-left elementor-widget elementor-widget-bdevs-partner\" data-id=\"344506c2\" data-element_type=\"widget\" data-e-type=\"widget\" data-widget_type=\"bdevs-partner.default\">\n\t\t\t\t<div class=\"elementor-widget-container\">\n\t\t\t\t\t\t\t\t\t<!-- brand-area-start -->\r\n        <div class=\"brand-02-area grey-bg pb-65 pt-65\">\r\n            <div class=\"container\">\r\n                <div class=\"row brand-active\">\r\n                \t\t\t\t\t\t\t\t\t\t\t                    <div class=\"col-xl-12\">\r\n                        <div class=\"brand-img text-center\">\r\n                            <img decoding=\"async\" src=\"https:\/\/iglobalcargo.com\/wp-content\/uploads\/2021\/12\/01-2.png\" alt=\"\" \/>\r\n                        <\/div>\r\n                    <\/div>\r\n                    \t\t\t\t\t\t\t\t\t\t                    <div class=\"col-xl-12\">\r\n                        <div class=\"brand-img text-center\">\r\n                            <img decoding=\"async\" src=\"https:\/\/iglobalcargo.com\/wp-content\/uploads\/2021\/12\/02.png\" alt=\"\" \/>\r\n                        <\/div>\r\n                    <\/div>\r\n                    \t\t\t\t\t\t\t\t\t\t                    <div class=\"col-xl-12\">\r\n                        <div class=\"brand-img text-center\">\r\n                            <img decoding=\"async\" src=\"https:\/\/iglobalcargo.com\/wp-content\/uploads\/2021\/12\/03.png\" alt=\"\" \/>\r\n                        <\/div>\r\n                    <\/div>\r\n                    \t\t\t\t\t\t\t\t\t\t                    <div class=\"col-xl-12\">\r\n                        <div class=\"brand-img text-center\">\r\n                            <img decoding=\"async\" src=\"https:\/\/iglobalcargo.com\/wp-content\/uploads\/2021\/12\/05.png\" alt=\"\" \/>\r\n                        <\/div>\r\n                    <\/div>\r\n                    \t\t\t\t\t\t\t\t\t\t                    <div class=\"col-xl-12\">\r\n                        <div class=\"brand-img text-center\">\r\n                            <img decoding=\"async\" src=\"https:\/\/iglobalcargo.com\/wp-content\/uploads\/2021\/12\/06.png\" alt=\"\" \/>\r\n                        <\/div>\r\n                    <\/div>\r\n                                    <\/div>\r\n            <\/div>\r\n        <\/div>\r\n        <!-- brand-area-end -->\r\n        \t\t\t\t\t<\/div>\n\t\t\t\t<\/div>\n\t\t\t\t\t<\/div>\n\t\t<\/div>\n\t\t\t\t\t<\/div>\n\t\t<\/section>\n\t\t\t\t<\/div>\n\t\t","protected":false},"excerpt":{"rendered":"<p>About Us About Us \u201cMoving Your Cargo Around the Globe, Securely and Efficiently\u201d iGlobal is a cargo shipping company based in Schiphol Airport, Amsterdam with extensive experience in the international logistics industry. We provide global coverage with fast, secure, and efficient services for our customers. We are proud to offer superior international coverage, so you [&hellip;]<\/p>\n","protected":false},"author":1,"featured_media":0,"parent":0,"menu_order":0,"comment_status":"closed","ping_status":"closed","template":"elementor_header_footer","meta":{"om_disable_all_campaigns":false,"_monsterinsights_skip_tracking":false,"_monsterinsights_sitenote_active":false,"_monsterinsights_sitenote_note":"","_monsterinsights_sitenote_category":0,"footnotes":""},"class_list":["post-2643","page","type-page","status-publish","hentry"],"aioseo_notices":[],"_links":{"self":[{"href":"https:\/\/iglobalcargo.com\/pt-pt\/wp-json\/wp\/v2\/pages\/2643","targetHints":{"allow":["GET"]}}],"collection":[{"href":"https:\/\/iglobalcargo.com\/pt-pt\/wp-json\/wp\/v2\/pages"}],"about":[{"href":"https:\/\/iglobalcargo.com\/pt-pt\/wp-json\/wp\/v2\/types\/page"}],"author":[{"embeddable":true,"href":"https:\/\/iglobalcargo.com\/pt-pt\/wp-json\/wp\/v2\/users\/1"}],"replies":[{"embeddable":true,"href":"https:\/\/iglobalcargo.com\/pt-pt\/wp-json\/wp\/v2\/comments?post=2643"}],"version-history":[{"count":5,"href":"https:\/\/iglobalcargo.com\/pt-pt\/wp-json\/wp\/v2\/pages\/2643\/revisions"}],"predecessor-version":[{"id":5767,"href":"https:\/\/iglobalcargo.com\/pt-pt\/wp-json\/wp\/v2\/pages\/2643\/revisions\/5767"}],"wp:attachment":[{"href":"https:\/\/iglobalcargo.com\/pt-pt\/wp-json\/wp\/v2\/media?parent=2643"}],"curies":[{"name":"wp","href":"https:\/\/api.w.org\/{rel}","templated":true}]}}